{"id":744,"date":"2024-10-17T15:07:30","date_gmt":"2024-10-17T15:07:30","guid":{"rendered":"https:\/\/ava.cl\/?page_id=744"},"modified":"2024-10-17T15:24:05","modified_gmt":"2024-10-17T15:24:05","slug":"epc","status":"publish","type":"page","link":"https:\/\/ava.cl\/en\/epc\/","title":{"rendered":"EPC"},"content":{"rendered":"<div data-elementor-type=\"wp-page\" data-elementor-id=\"744\" class=\"elementor elementor-744\" data-elementor-post-type=\"page\">\n\t\t\t\t<div class=\"elementor-element elementor-element-10bc9f1 e-flex e-con-boxed e-con e-parent\" data-id=\"10bc9f1\" data-element_type=\"container\" data-settings=\"{&quot;background_background&quot;:&quot;classic&quot;,&quot;shape_divider_bottom&quot;:&quot;opacity-tilt&quot;}\">\n\t\t\t\t\t<div class=\"e-con-inner\">\n\t\t\t\t<div class=\"elementor-shape elementor-shape-bottom\" aria-hidden=\"true\" data-negative=\"false\">\n\t\t\t<svg xmlns=\"http:\/\/www.w3.org\/2000\/svg\" viewbox=\"0 0 2600 131.1\" preserveaspectratio=\"none\">\n\t<path class=\"elementor-shape-fill\" d=\"M0 0L2600 0 2600 69.1 0 0z\"\/>\n\t<path class=\"elementor-shape-fill\" style=\"opacity:0.5\" d=\"M0 0L2600 0 2600 69.1 0 69.1z\"\/>\n\t<path class=\"elementor-shape-fill\" style=\"opacity:0.25\" d=\"M2600 0L0 0 0 130.1 2600 69.1z\"\/>\n<\/svg>\t\t<\/div>\n\t\t<div class=\"elementor-element elementor-element-8c278bd e-con-full e-flex e-con e-child\" data-id=\"8c278bd\" data-element_type=\"container\">\n\t\t<div class=\"elementor-element elementor-element-07bfc73 e-con-full e-flex e-con e-child\" data-id=\"07bfc73\" data-element_type=\"container\">\n\t\t\t\t<div class=\"elementor-element elementor-element-697f7dc elementor-widget elementor-widget-heading\" data-id=\"697f7dc\" data-element_type=\"widget\" data-widget_type=\"heading.default\">\n\t\t\t\t<div class=\"elementor-widget-container\">\n\t\t\t\t\t<span class=\"elementor-heading-title elementor-size-default\">Solution<\/span>\t\t\t\t<\/div>\n\t\t\t\t<\/div>\n\t\t<div class=\"elementor-element elementor-element-7c407d2 e-con-full e-flex e-con e-child\" data-id=\"7c407d2\" data-element_type=\"container\">\n\t\t\t\t<div class=\"elementor-element elementor-element-da34ce6 elementor-hidden-mobile elementor-widget elementor-widget-image\" data-id=\"da34ce6\" data-element_type=\"widget\" data-widget_type=\"image.default\">\n\t\t\t\t<div class=\"elementor-widget-container\">\n\t\t\t\t\t\t\t\t\t\t\t\t\t\t\t<img fetchpriority=\"high\" decoding=\"async\" width=\"311\" height=\"288\" src=\"https:\/\/ava.cl\/wp-content\/uploads\/2024\/10\/triangle-green.svg\" class=\"attachment-large size-large wp-image-148\" alt=\"\" \/>\t\t\t\t\t\t\t\t\t\t\t\t\t\t\t<\/div>\n\t\t\t\t<\/div>\n\t\t\t\t<div class=\"elementor-element elementor-element-fe30e92 elementor-widget elementor-widget-heading\" data-id=\"fe30e92\" data-element_type=\"widget\" data-widget_type=\"heading.default\">\n\t\t\t\t<div class=\"elementor-widget-container\">\n\t\t\t\t\t<span class=\"elementor-heading-title elementor-size-default\">EPC<\/span>\t\t\t\t<\/div>\n\t\t\t\t<\/div>\n\t\t\t\t<\/div>\n\t\t\t\t<div class=\"elementor-element elementor-element-31b3f7c elementor-widget__width-initial elementor-widget elementor-widget-heading\" data-id=\"31b3f7c\" data-element_type=\"widget\" data-widget_type=\"heading.default\">\n\t\t\t\t<div class=\"elementor-widget-container\">\n\t\t\t\t\t<span class=\"elementor-heading-title elementor-size-default\">We assume complete responsibility for the project, from conception to final delivery. <\/span>\t\t\t\t<\/div>\n\t\t\t\t<\/div>\n\t\t\t\t<\/div>\n\t\t\t\t<\/div>\n\t\t\t\t\t<\/div>\n\t\t\t\t<\/div>\n\t\t<div class=\"elementor-element elementor-element-6ac8727 e-flex e-con-boxed e-con e-parent\" data-id=\"6ac8727\" data-element_type=\"container\">\n\t\t\t\t\t<div class=\"e-con-inner\">\n\t\t\t\t<div class=\"elementor-element elementor-element-0087b9f elementor-grid-3 elementor-grid-tablet-2 elementor-grid-mobile-1 elementor-posts--thumbnail-top elementor-card-shadow-yes elementor-posts__hover-gradient elementor-widget elementor-widget-posts\" data-id=\"0087b9f\" data-element_type=\"widget\" data-settings=\"{&quot;pagination_type&quot;:&quot;numbers&quot;,&quot;cards_columns&quot;:&quot;3&quot;,&quot;cards_columns_tablet&quot;:&quot;2&quot;,&quot;cards_columns_mobile&quot;:&quot;1&quot;,&quot;cards_row_gap&quot;:{&quot;unit&quot;:&quot;px&quot;,&quot;size&quot;:35,&quot;sizes&quot;:[]},&quot;cards_row_gap_tablet&quot;:{&quot;unit&quot;:&quot;px&quot;,&quot;size&quot;:&quot;&quot;,&quot;sizes&quot;:[]},&quot;cards_row_gap_mobile&quot;:{&quot;unit&quot;:&quot;px&quot;,&quot;size&quot;:&quot;&quot;,&quot;sizes&quot;:[]}}\" data-widget_type=\"posts.cards\">\n\t\t\t\t<div class=\"elementor-widget-container\">\n\t\t\t\t\t\t\t<div class=\"elementor-posts-container elementor-posts elementor-posts--skin-cards elementor-grid\" role=\"list\">\n\t\t\t\t<article class=\"elementor-post elementor-grid-item post-1391 proyectos type-proyectos status-publish has-post-thumbnail hentry ciudad-iquique cliente-cmdic estado-finalizado solucion-epc\" role=\"listitem\">\n\t\t\t<div class=\"elementor-post__card\">\n\t\t\t\t<a class=\"elementor-post__thumbnail__link\" href=\"https:\/\/ava.cl\/en\/proyectos\/epc-construccion-proyecto-3er-hrt-para-sistema-de-agua-recuperada\/\" tabindex=\"-1\" ><div class=\"elementor-post__thumbnail\"><img decoding=\"async\" width=\"300\" height=\"200\" src=\"https:\/\/ava.cl\/wp-content\/uploads\/2025\/01\/Proyecto-EPC-Tercer-HRT-Plan-Sistema-de-Agua-Recuperada-CMDIC-300x200.jpeg\" class=\"attachment-medium size-medium wp-image-1392\" alt=\"\" srcset=\"https:\/\/ava.cl\/wp-content\/uploads\/2025\/01\/Proyecto-EPC-Tercer-HRT-Plan-Sistema-de-Agua-Recuperada-CMDIC-300x200.jpeg 300w, https:\/\/ava.cl\/wp-content\/uploads\/2025\/01\/Proyecto-EPC-Tercer-HRT-Plan-Sistema-de-Agua-Recuperada-CMDIC-1024x683.jpeg 1024w, https:\/\/ava.cl\/wp-content\/uploads\/2025\/01\/Proyecto-EPC-Tercer-HRT-Plan-Sistema-de-Agua-Recuperada-CMDIC-768x512.jpeg 768w, https:\/\/ava.cl\/wp-content\/uploads\/2025\/01\/Proyecto-EPC-Tercer-HRT-Plan-Sistema-de-Agua-Recuperada-CMDIC-18x12.jpeg 18w, https:\/\/ava.cl\/wp-content\/uploads\/2025\/01\/Proyecto-EPC-Tercer-HRT-Plan-Sistema-de-Agua-Recuperada-CMDIC.jpeg 1250w\" sizes=\"(max-width: 300px) 100vw, 300px\" \/><\/div><\/a>\n\t\t\t\t<div class=\"elementor-post__badge\">CMDIC<\/div>\n\t\t\t\t<div class=\"elementor-post__text\">\n\t\t\t\t<h3 class=\"elementor-post__title\">\n\t\t\t<a href=\"https:\/\/ava.cl\/en\/proyectos\/epc-construccion-proyecto-3er-hrt-para-sistema-de-agua-recuperada\/\" >\n\t\t\t\tEPC Construcci\u00f3n Proyecto 3er. HRT para Sistema de Agua Recuperada\t\t\t<\/a>\n\t\t<\/h3>\n\t\t\t\t<div class=\"elementor-post__excerpt\">\n\t\t\t<p>El proyecto aborda el dise\u00f1o, las adquisiciones, la construcci\u00f3n y puesta enmarcha de un tercer Espesador de Relaves de alta<\/p>\n\t\t<\/div>\n\t\t\n\t\t<a class=\"elementor-post__read-more\" href=\"https:\/\/ava.cl\/en\/proyectos\/epc-construccion-proyecto-3er-hrt-para-sistema-de-agua-recuperada\/\" aria-label=\"Read more about EPC Construcci\u00f3n Proyecto 3er. HRT para Sistema de Agua Recuperada\" tabindex=\"-1\" >\n\t\t\tRead more &#034;\t\t<\/a>\n\n\t\t\t\t<\/div>\n\t\t\t\t\t<\/div>\n\t\t<\/article>\n\t\t\t\t<article class=\"elementor-post elementor-grid-item post-604 proyectos type-proyectos status-publish has-post-thumbnail hentry cliente-minera-centinela estado-finalizado solucion-epc\" role=\"listitem\">\n\t\t\t<div class=\"elementor-post__card\">\n\t\t\t\t<a class=\"elementor-post__thumbnail__link\" href=\"https:\/\/ava.cl\/en\/proyectos\/epc-linea-23-kv-proyecto-drlp\/\" tabindex=\"-1\" ><div class=\"elementor-post__thumbnail\"><img decoding=\"async\" width=\"300\" height=\"225\" src=\"https:\/\/ava.cl\/wp-content\/uploads\/2024\/10\/31-08-2017-14-59-24_epc1-1-scaled-e1729087884896-300x225.jpg\" class=\"attachment-medium size-medium wp-image-610\" alt=\"\" srcset=\"https:\/\/ava.cl\/wp-content\/uploads\/2024\/10\/31-08-2017-14-59-24_epc1-1-scaled-e1729087884896-300x225.jpg 300w, https:\/\/ava.cl\/wp-content\/uploads\/2024\/10\/31-08-2017-14-59-24_epc1-1-scaled-e1729087884896-1024x766.jpg 1024w, https:\/\/ava.cl\/wp-content\/uploads\/2024\/10\/31-08-2017-14-59-24_epc1-1-scaled-e1729087884896-768x575.jpg 768w, https:\/\/ava.cl\/wp-content\/uploads\/2024\/10\/31-08-2017-14-59-24_epc1-1-scaled-e1729087884896-1536x1150.jpg 1536w, https:\/\/ava.cl\/wp-content\/uploads\/2024\/10\/31-08-2017-14-59-24_epc1-1-scaled-e1729087884896.jpg 1920w\" sizes=\"(max-width: 300px) 100vw, 300px\" \/><\/div><\/a>\n\t\t\t\t<div class=\"elementor-post__badge\">MINERA CENTINELA<\/div>\n\t\t\t\t<div class=\"elementor-post__text\">\n\t\t\t\t<h3 class=\"elementor-post__title\">\n\t\t\t<a href=\"https:\/\/ava.cl\/en\/proyectos\/epc-linea-23-kv-proyecto-drlp\/\" >\n\t\t\t\tEPC line 23 kv project drlp.\t\t\t<\/a>\n\t\t<\/h3>\n\t\t\t\t<div class=\"elementor-post__excerpt\">\n\t\t\t<p>The EPC Project, considers the development of the detailed engineering, supply, acquisition of materials, equipment, construction and commissioning<\/p>\n\t\t<\/div>\n\t\t\n\t\t<a class=\"elementor-post__read-more\" href=\"https:\/\/ava.cl\/en\/proyectos\/epc-linea-23-kv-proyecto-drlp\/\" aria-label=\"Read more about EPC linea 23 kv proyecto drlp.\" tabindex=\"-1\" >\n\t\t\tRead more &#034;\t\t<\/a>\n\n\t\t\t\t<\/div>\n\t\t\t\t\t<\/div>\n\t\t<\/article>\n\t\t\t\t<article class=\"elementor-post elementor-grid-item post-597 proyectos type-proyectos status-publish has-post-thumbnail hentry cliente-codelco-radomiro-tomic estado-finalizado solucion-epc\" role=\"listitem\">\n\t\t\t<div class=\"elementor-post__card\">\n\t\t\t\t<a class=\"elementor-post__thumbnail__link\" href=\"https:\/\/ava.cl\/en\/proyectos\/construccion-de-dos-naves-de-mantencion-de-camiones-mineros-codelco-division-radomiro-tomic\/\" tabindex=\"-1\" ><div class=\"elementor-post__thumbnail\"><img loading=\"lazy\" decoding=\"async\" width=\"300\" height=\"225\" src=\"https:\/\/ava.cl\/wp-content\/uploads\/2024\/10\/12-06-2017-10-40-54_dsc00074-300x225.jpg\" class=\"attachment-medium size-medium wp-image-600\" alt=\"\" srcset=\"https:\/\/ava.cl\/wp-content\/uploads\/2024\/10\/12-06-2017-10-40-54_dsc00074-300x225.jpg 300w, https:\/\/ava.cl\/wp-content\/uploads\/2024\/10\/12-06-2017-10-40-54_dsc00074-1024x768.jpg 1024w, https:\/\/ava.cl\/wp-content\/uploads\/2024\/10\/12-06-2017-10-40-54_dsc00074-768x576.jpg 768w, https:\/\/ava.cl\/wp-content\/uploads\/2024\/10\/12-06-2017-10-40-54_dsc00074.jpg 1075w\" sizes=\"(max-width: 300px) 100vw, 300px\" \/><\/div><\/a>\n\t\t\t\t<div class=\"elementor-post__badge\">CODELCO RADOMIRO TOMIC<\/div>\n\t\t\t\t<div class=\"elementor-post__text\">\n\t\t\t\t<h3 class=\"elementor-post__title\">\n\t\t\t<a href=\"https:\/\/ava.cl\/en\/proyectos\/construccion-de-dos-naves-de-mantencion-de-camiones-mineros-codelco-division-radomiro-tomic\/\" >\n\t\t\t\tConstruction of two ships of maintenance of mining trucks codelco division radomiro tomic\t\t\t<\/a>\n\t\t<\/h3>\n\t\t\t\t<div class=\"elementor-post__excerpt\">\n\t\t\t<p>The Project considered the validation of basic engineering, manufacturing, and assembly of two ships destined for the maintenance of trucks<\/p>\n\t\t<\/div>\n\t\t\n\t\t<a class=\"elementor-post__read-more\" href=\"https:\/\/ava.cl\/en\/proyectos\/construccion-de-dos-naves-de-mantencion-de-camiones-mineros-codelco-division-radomiro-tomic\/\" aria-label=\"Read more about Construcci\u00f3n de dos naves de mantenci\u00f3n de camiones mineros codelco divisi\u00f3n radomiro tomic\" tabindex=\"-1\" >\n\t\t\tRead more &#034;\t\t<\/a>\n\n\t\t\t\t<\/div>\n\t\t\t\t\t<\/div>\n\t\t<\/article>\n\t\t\t\t<article class=\"elementor-post elementor-grid-item post-590 proyectos type-proyectos status-publish has-post-thumbnail hentry cliente-codelco-ministro-hales estado-finalizado solucion-epc\" role=\"listitem\">\n\t\t\t<div class=\"elementor-post__card\">\n\t\t\t\t<a class=\"elementor-post__thumbnail__link\" href=\"https:\/\/ava.cl\/en\/proyectos\/laboratorio-metalurgico-taller-de-tostacion-casa-de-cambio-infraestructura-complementaria-de-plantas\/\" tabindex=\"-1\" ><div class=\"elementor-post__thumbnail\"><img loading=\"lazy\" decoding=\"async\" width=\"300\" height=\"224\" src=\"https:\/\/ava.cl\/wp-content\/uploads\/2024\/10\/12-06-2017-10-37-39_img_1095_2592x1936-300x224.jpg\" class=\"attachment-medium size-medium wp-image-594\" alt=\"\" srcset=\"https:\/\/ava.cl\/wp-content\/uploads\/2024\/10\/12-06-2017-10-37-39_img_1095_2592x1936-300x224.jpg 300w, https:\/\/ava.cl\/wp-content\/uploads\/2024\/10\/12-06-2017-10-37-39_img_1095_2592x1936-1024x765.jpg 1024w, https:\/\/ava.cl\/wp-content\/uploads\/2024\/10\/12-06-2017-10-37-39_img_1095_2592x1936-768x574.jpg 768w, https:\/\/ava.cl\/wp-content\/uploads\/2024\/10\/12-06-2017-10-37-39_img_1095_2592x1936.jpg 1296w\" sizes=\"(max-width: 300px) 100vw, 300px\" \/><\/div><\/a>\n\t\t\t\t<div class=\"elementor-post__badge\">CODELCO MINISTRO HALES<\/div>\n\t\t\t\t<div class=\"elementor-post__text\">\n\t\t\t\t<h3 class=\"elementor-post__title\">\n\t\t\t<a href=\"https:\/\/ava.cl\/en\/proyectos\/laboratorio-metalurgico-taller-de-tostacion-casa-de-cambio-infraestructura-complementaria-de-plantas\/\" >\n\t\t\t\tMetallurgical laboratory, workshop roasting \u2013 house of change, supporting infrastructure of plants\t\t\t<\/a>\n\t\t<\/h3>\n\t\t\t\t<div class=\"elementor-post__excerpt\">\n\t\t\t<p>The Project considered the validation of basic Engineering, construction of a Metallurgical Laboratory (600 m2), Workshop of Roasting (218 m2)<\/p>\n\t\t<\/div>\n\t\t\n\t\t<a class=\"elementor-post__read-more\" href=\"https:\/\/ava.cl\/en\/proyectos\/laboratorio-metalurgico-taller-de-tostacion-casa-de-cambio-infraestructura-complementaria-de-plantas\/\" aria-label=\"Read more about Laboratorio metal\u00fargico, taller de tostaci\u00f3n &#8211; casa de cambio, infraestructura complementaria de plantas\" tabindex=\"-1\" >\n\t\t\tRead more &#034;\t\t<\/a>\n\n\t\t\t\t<\/div>\n\t\t\t\t\t<\/div>\n\t\t<\/article>\n\t\t\t\t<article class=\"elementor-post elementor-grid-item post-578 proyectos type-proyectos status-publish has-post-thumbnail hentry cliente-codelco-chuquicamata estado-finalizado solucion-epc\" role=\"listitem\">\n\t\t\t<div class=\"elementor-post__card\">\n\t\t\t\t<a class=\"elementor-post__thumbnail__link\" href=\"https:\/\/ava.cl\/en\/proyectos\/ingenieria-y-montaje-correas-transportadoras-proyecto-aumento-capacidad-botadero-de-ripios-ptmp-etapa-iv\/\" tabindex=\"-1\" ><div class=\"elementor-post__thumbnail\"><img loading=\"lazy\" decoding=\"async\" width=\"300\" height=\"192\" src=\"https:\/\/ava.cl\/wp-content\/uploads\/2024\/10\/12-06-2017-10-34-57_la-foto-300x192.jpg\" class=\"attachment-medium size-medium wp-image-584\" alt=\"\" srcset=\"https:\/\/ava.cl\/wp-content\/uploads\/2024\/10\/12-06-2017-10-34-57_la-foto-300x192.jpg 300w, https:\/\/ava.cl\/wp-content\/uploads\/2024\/10\/12-06-2017-10-34-57_la-foto-768x491.jpg 768w, https:\/\/ava.cl\/wp-content\/uploads\/2024\/10\/12-06-2017-10-34-57_la-foto.jpg 924w\" sizes=\"(max-width: 300px) 100vw, 300px\" \/><\/div><\/a>\n\t\t\t\t<div class=\"elementor-post__badge\">CODELCO CHUQUICAMATA<\/div>\n\t\t\t\t<div class=\"elementor-post__text\">\n\t\t\t\t<h3 class=\"elementor-post__title\">\n\t\t\t<a href=\"https:\/\/ava.cl\/en\/proyectos\/ingenieria-y-montaje-correas-transportadoras-proyecto-aumento-capacidad-botadero-de-ripios-ptmp-etapa-iv\/\" >\n\t\t\t\tEngineering and assembly conveyor belts project to increase capacity waste dump gravel ptmp stage iv\t\t\t<\/a>\n\t\t<\/h3>\n\t\t\t\t<div class=\"elementor-post__excerpt\">\n\t\t\t<p>The Project considered the validation of basic engineering, manufacturing and assembly, in Addition to everything necessary for correct mounting<\/p>\n\t\t<\/div>\n\t\t\n\t\t<a class=\"elementor-post__read-more\" href=\"https:\/\/ava.cl\/en\/proyectos\/ingenieria-y-montaje-correas-transportadoras-proyecto-aumento-capacidad-botadero-de-ripios-ptmp-etapa-iv\/\" aria-label=\"Read more about Ingenier\u00eda y montaje correas transportadoras proyecto aumento capacidad botadero de ripios ptmp etapa iv\" tabindex=\"-1\" >\n\t\t\tRead more &#034;\t\t<\/a>\n\n\t\t\t\t<\/div>\n\t\t\t\t\t<\/div>\n\t\t<\/article>\n\t\t\t\t<\/div>\n\t\t\n\t\t\t\t\t\t<\/div>\n\t\t\t\t<\/div>\n\t\t\t\t\t<\/div>\n\t\t\t\t<\/div>\n\t\t\t\t<\/div>","protected":false},"excerpt":{"rendered":"<p>Soluci\u00f3n EPC Asumimos la responsabilidad total del proyecto, desde la concepci\u00f3n hasta la entrega final.<\/p>","protected":false},"author":1,"featured_media":0,"parent":0,"menu_order":0,"comment_status":"closed","ping_status":"closed","template":"elementor_header_footer","meta":{"footnotes":""},"class_list":["post-744","page","type-page","status-publish","hentry"],"yoast_head":"<!-- This site is optimized with the Yoast SEO plugin v25.7 - https:\/\/yoast.com\/wordpress\/plugins\/seo\/ -->\n<title>EPC - AVA Montajes<\/title>\n<meta name=\"robots\" content=\"index, follow, max-snippet:-1, max-image-preview:large, max-video-preview:-1\" \/>\n<link rel=\"canonical\" href=\"https:\/\/ava.cl\/en\/epc\/\" \/>\n<meta property=\"og:locale\" content=\"en_US\" \/>\n<meta property=\"og:type\" content=\"article\" \/>\n<meta property=\"og:title\" content=\"EPC - AVA Montajes\" \/>\n<meta property=\"og:description\" content=\"Soluci\u00f3n EPC Asumimos la responsabilidad total del proyecto, desde la concepci\u00f3n hasta la entrega final.\" \/>\n<meta property=\"og:url\" content=\"https:\/\/ava.cl\/en\/epc\/\" \/>\n<meta property=\"og:site_name\" content=\"AVA Montajes\" \/>\n<meta property=\"article:modified_time\" content=\"2024-10-17T15:24:05+00:00\" \/>\n<meta property=\"og:image\" content=\"https:\/\/ava.cl\/wp-content\/uploads\/2024\/10\/triangle-green.svg\" \/>\n<meta name=\"twitter:card\" content=\"summary_large_image\" \/>\n<script type=\"application\/ld+json\" class=\"yoast-schema-graph\">{\"@context\":\"https:\/\/schema.org\",\"@graph\":[{\"@type\":\"WebPage\",\"@id\":\"https:\/\/ava.cl\/epc\/\",\"url\":\"https:\/\/ava.cl\/epc\/\",\"name\":\"EPC - AVA Montajes\",\"isPartOf\":{\"@id\":\"https:\/\/ava.cl\/#website\"},\"primaryImageOfPage\":{\"@id\":\"https:\/\/ava.cl\/epc\/#primaryimage\"},\"image\":{\"@id\":\"https:\/\/ava.cl\/epc\/#primaryimage\"},\"thumbnailUrl\":\"https:\/\/ava.cl\/wp-content\/uploads\/2024\/10\/triangle-green.svg\",\"datePublished\":\"2024-10-17T15:07:30+00:00\",\"dateModified\":\"2024-10-17T15:24:05+00:00\",\"breadcrumb\":{\"@id\":\"https:\/\/ava.cl\/epc\/#breadcrumb\"},\"inLanguage\":\"en-US\",\"potentialAction\":[{\"@type\":\"ReadAction\",\"target\":[\"https:\/\/ava.cl\/epc\/\"]}]},{\"@type\":\"ImageObject\",\"inLanguage\":\"en-US\",\"@id\":\"https:\/\/ava.cl\/epc\/#primaryimage\",\"url\":\"https:\/\/ava.cl\/wp-content\/uploads\/2024\/10\/triangle-green.svg\",\"contentUrl\":\"https:\/\/ava.cl\/wp-content\/uploads\/2024\/10\/triangle-green.svg\"},{\"@type\":\"BreadcrumbList\",\"@id\":\"https:\/\/ava.cl\/epc\/#breadcrumb\",\"itemListElement\":[{\"@type\":\"ListItem\",\"position\":1,\"name\":\"Portada\",\"item\":\"https:\/\/ava.cl\/\"},{\"@type\":\"ListItem\",\"position\":2,\"name\":\"EPC\"}]},{\"@type\":\"WebSite\",\"@id\":\"https:\/\/ava.cl\/#website\",\"url\":\"https:\/\/ava.cl\/\",\"name\":\"AVA Montajes\",\"description\":\"\",\"publisher\":{\"@id\":\"https:\/\/ava.cl\/#organization\"},\"potentialAction\":[{\"@type\":\"SearchAction\",\"target\":{\"@type\":\"EntryPoint\",\"urlTemplate\":\"https:\/\/ava.cl\/?s={search_term_string}\"},\"query-input\":{\"@type\":\"PropertyValueSpecification\",\"valueRequired\":true,\"valueName\":\"search_term_string\"}}],\"inLanguage\":\"en-US\"},{\"@type\":\"Organization\",\"@id\":\"https:\/\/ava.cl\/#organization\",\"name\":\"AVA Montajes\",\"url\":\"https:\/\/ava.cl\/\",\"logo\":{\"@type\":\"ImageObject\",\"inLanguage\":\"en-US\",\"@id\":\"https:\/\/ava.cl\/#\/schema\/logo\/image\/\",\"url\":\"https:\/\/ava.cl\/wp-content\/uploads\/2024\/10\/logo-ava-cl.svg\",\"contentUrl\":\"https:\/\/ava.cl\/wp-content\/uploads\/2024\/10\/logo-ava-cl.svg\",\"width\":607,\"height\":232,\"caption\":\"AVA Montajes\"},\"image\":{\"@id\":\"https:\/\/ava.cl\/#\/schema\/logo\/image\/\"}}]}<\/script>\n<!-- \/ Yoast SEO plugin. -->","yoast_head_json":{"title":"EPC - AVA Montajes","robots":{"index":"index","follow":"follow","max-snippet":"max-snippet:-1","max-image-preview":"max-image-preview:large","max-video-preview":"max-video-preview:-1"},"canonical":"https:\/\/ava.cl\/en\/epc\/","og_locale":"en_US","og_type":"article","og_title":"EPC - AVA Montajes","og_description":"Soluci\u00f3n EPC Asumimos la responsabilidad total del proyecto, desde la concepci\u00f3n hasta la entrega final.","og_url":"https:\/\/ava.cl\/en\/epc\/","og_site_name":"AVA Montajes","article_modified_time":"2024-10-17T15:24:05+00:00","og_image":[{"url":"https:\/\/ava.cl\/wp-content\/uploads\/2024\/10\/triangle-green.svg","type":"","width":"","height":""}],"twitter_card":"summary_large_image","schema":{"@context":"https:\/\/schema.org","@graph":[{"@type":"WebPage","@id":"https:\/\/ava.cl\/epc\/","url":"https:\/\/ava.cl\/epc\/","name":"EPC - AVA Montajes","isPartOf":{"@id":"https:\/\/ava.cl\/#website"},"primaryImageOfPage":{"@id":"https:\/\/ava.cl\/epc\/#primaryimage"},"image":{"@id":"https:\/\/ava.cl\/epc\/#primaryimage"},"thumbnailUrl":"https:\/\/ava.cl\/wp-content\/uploads\/2024\/10\/triangle-green.svg","datePublished":"2024-10-17T15:07:30+00:00","dateModified":"2024-10-17T15:24:05+00:00","breadcrumb":{"@id":"https:\/\/ava.cl\/epc\/#breadcrumb"},"inLanguage":"en-US","potentialAction":[{"@type":"ReadAction","target":["https:\/\/ava.cl\/epc\/"]}]},{"@type":"ImageObject","inLanguage":"en-US","@id":"https:\/\/ava.cl\/epc\/#primaryimage","url":"https:\/\/ava.cl\/wp-content\/uploads\/2024\/10\/triangle-green.svg","contentUrl":"https:\/\/ava.cl\/wp-content\/uploads\/2024\/10\/triangle-green.svg"},{"@type":"BreadcrumbList","@id":"https:\/\/ava.cl\/epc\/#breadcrumb","itemListElement":[{"@type":"ListItem","position":1,"name":"Portada","item":"https:\/\/ava.cl\/"},{"@type":"ListItem","position":2,"name":"EPC"}]},{"@type":"WebSite","@id":"https:\/\/ava.cl\/#website","url":"https:\/\/ava.cl\/","name":"AVA Montajes","description":"","publisher":{"@id":"https:\/\/ava.cl\/#organization"},"potentialAction":[{"@type":"SearchAction","target":{"@type":"EntryPoint","urlTemplate":"https:\/\/ava.cl\/?s={search_term_string}"},"query-input":{"@type":"PropertyValueSpecification","valueRequired":true,"valueName":"search_term_string"}}],"inLanguage":"en-US"},{"@type":"Organization","@id":"https:\/\/ava.cl\/#organization","name":"AVA Montajes","url":"https:\/\/ava.cl\/","logo":{"@type":"ImageObject","inLanguage":"en-US","@id":"https:\/\/ava.cl\/#\/schema\/logo\/image\/","url":"https:\/\/ava.cl\/wp-content\/uploads\/2024\/10\/logo-ava-cl.svg","contentUrl":"https:\/\/ava.cl\/wp-content\/uploads\/2024\/10\/logo-ava-cl.svg","width":607,"height":232,"caption":"AVA Montajes"},"image":{"@id":"https:\/\/ava.cl\/#\/schema\/logo\/image\/"}}]}},"_links":{"self":[{"href":"https:\/\/ava.cl\/en\/wp-json\/wp\/v2\/pages\/744","targetHints":{"allow":["GET"]}}],"collection":[{"href":"https:\/\/ava.cl\/en\/wp-json\/wp\/v2\/pages"}],"about":[{"href":"https:\/\/ava.cl\/en\/wp-json\/wp\/v2\/types\/page"}],"author":[{"embeddable":true,"href":"https:\/\/ava.cl\/en\/wp-json\/wp\/v2\/users\/1"}],"replies":[{"embeddable":true,"href":"https:\/\/ava.cl\/en\/wp-json\/wp\/v2\/comments?post=744"}],"version-history":[{"count":0,"href":"https:\/\/ava.cl\/en\/wp-json\/wp\/v2\/pages\/744\/revisions"}],"wp:attachment":[{"href":"https:\/\/ava.cl\/en\/wp-json\/wp\/v2\/media?parent=744"}],"curies":[{"name":"wp","href":"https:\/\/api.w.org\/{rel}","templated":true}]}}