{"id":522,"date":"2024-10-15T14:44:54","date_gmt":"2024-10-15T14:44:54","guid":{"rendered":"https:\/\/ava.cl\/?page_id=522"},"modified":"2024-10-17T15:24:53","modified_gmt":"2024-10-17T15:24:53","slug":"precom-com-y-puesta-en-marcha","status":"publish","type":"page","link":"https:\/\/ava.cl\/en\/precom-com-y-puesta-en-marcha\/","title":{"rendered":"PRECOM, COM AND COMMISSIONING"},"content":{"rendered":"<div data-elementor-type=\"wp-page\" data-elementor-id=\"522\" class=\"elementor elementor-522\" data-elementor-post-type=\"page\">\n\t\t\t\t<div class=\"elementor-element elementor-element-91d83d3 e-flex e-con-boxed e-con e-parent\" data-id=\"91d83d3\" data-element_type=\"container\" data-settings=\"{&quot;background_background&quot;:&quot;classic&quot;,&quot;shape_divider_bottom&quot;:&quot;opacity-tilt&quot;}\">\n\t\t\t\t\t<div class=\"e-con-inner\">\n\t\t\t\t<div class=\"elementor-shape elementor-shape-bottom\" aria-hidden=\"true\" data-negative=\"false\">\n\t\t\t<svg xmlns=\"http:\/\/www.w3.org\/2000\/svg\" viewbox=\"0 0 2600 131.1\" preserveaspectratio=\"none\">\n\t<path class=\"elementor-shape-fill\" d=\"M0 0L2600 0 2600 69.1 0 0z\"\/>\n\t<path class=\"elementor-shape-fill\" style=\"opacity:0.5\" d=\"M0 0L2600 0 2600 69.1 0 69.1z\"\/>\n\t<path class=\"elementor-shape-fill\" style=\"opacity:0.25\" d=\"M2600 0L0 0 0 130.1 2600 69.1z\"\/>\n<\/svg>\t\t<\/div>\n\t\t<div class=\"elementor-element elementor-element-095e4dc e-con-full e-flex e-con e-child\" data-id=\"095e4dc\" data-element_type=\"container\">\n\t\t<div class=\"elementor-element elementor-element-f0a492d e-con-full e-flex e-con e-child\" data-id=\"f0a492d\" data-element_type=\"container\">\n\t\t\t\t<div class=\"elementor-element elementor-element-ba44008 elementor-widget elementor-widget-heading\" data-id=\"ba44008\" data-element_type=\"widget\" data-widget_type=\"heading.default\">\n\t\t\t\t<div class=\"elementor-widget-container\">\n\t\t\t\t\t<span class=\"elementor-heading-title elementor-size-default\">Solution<\/span>\t\t\t\t<\/div>\n\t\t\t\t<\/div>\n\t\t<div class=\"elementor-element elementor-element-63a9785 e-con-full e-flex e-con e-child\" data-id=\"63a9785\" data-element_type=\"container\">\n\t\t\t\t<div class=\"elementor-element elementor-element-318219d elementor-hidden-mobile elementor-widget elementor-widget-image\" data-id=\"318219d\" data-element_type=\"widget\" data-widget_type=\"image.default\">\n\t\t\t\t<div class=\"elementor-widget-container\">\n\t\t\t\t\t\t\t\t\t\t\t\t\t\t\t<img fetchpriority=\"high\" decoding=\"async\" width=\"616\" height=\"547\" src=\"https:\/\/ava.cl\/wp-content\/uploads\/2024\/10\/ava-triangulo-4.svg\" class=\"attachment-large size-large wp-image-75\" alt=\"\" \/>\t\t\t\t\t\t\t\t\t\t\t\t\t\t\t<\/div>\n\t\t\t\t<\/div>\n\t\t\t\t<div class=\"elementor-element elementor-element-abd32ff elementor-widget elementor-widget-heading\" data-id=\"abd32ff\" data-element_type=\"widget\" data-widget_type=\"heading.default\">\n\t\t\t\t<div class=\"elementor-widget-container\">\n\t\t\t\t\t<span class=\"elementor-heading-title elementor-size-default\">PRECOM, COM AND COMMISSIONING<\/span>\t\t\t\t<\/div>\n\t\t\t\t<\/div>\n\t\t\t\t<\/div>\n\t\t\t\t<div class=\"elementor-element elementor-element-98b8fc0 elementor-widget__width-initial elementor-widget elementor-widget-heading\" data-id=\"98b8fc0\" data-element_type=\"widget\" data-widget_type=\"heading.default\">\n\t\t\t\t<div class=\"elementor-widget-container\">\n\t\t\t\t\t<span class=\"elementor-heading-title elementor-size-default\">We cover from the inspection and verification of equipment (precomisionamiento), the integration and testing of systems to ensure that <\/span>\t\t\t\t<\/div>\n\t\t\t\t<\/div>\n\t\t\t\t<\/div>\n\t\t\t\t<\/div>\n\t\t\t\t\t<\/div>\n\t\t\t\t<\/div>\n\t\t<div class=\"elementor-element elementor-element-6e6a955 e-flex e-con-boxed e-con e-parent\" data-id=\"6e6a955\" data-element_type=\"container\">\n\t\t\t\t\t<div class=\"e-con-inner\">\n\t\t\t\t<div class=\"elementor-element elementor-element-e5948da elementor-grid-3 elementor-grid-tablet-2 elementor-grid-mobile-1 elementor-posts--thumbnail-top elementor-card-shadow-yes elementor-posts__hover-gradient elementor-widget elementor-widget-posts\" data-id=\"e5948da\" data-element_type=\"widget\" data-settings=\"{&quot;pagination_type&quot;:&quot;numbers&quot;,&quot;cards_columns&quot;:&quot;3&quot;,&quot;cards_columns_tablet&quot;:&quot;2&quot;,&quot;cards_columns_mobile&quot;:&quot;1&quot;,&quot;cards_row_gap&quot;:{&quot;unit&quot;:&quot;px&quot;,&quot;size&quot;:35,&quot;sizes&quot;:[]},&quot;cards_row_gap_tablet&quot;:{&quot;unit&quot;:&quot;px&quot;,&quot;size&quot;:&quot;&quot;,&quot;sizes&quot;:[]},&quot;cards_row_gap_mobile&quot;:{&quot;unit&quot;:&quot;px&quot;,&quot;size&quot;:&quot;&quot;,&quot;sizes&quot;:[]}}\" data-widget_type=\"posts.cards\">\n\t\t\t\t<div class=\"elementor-widget-container\">\n\t\t\t\t\t\t\t<div class=\"elementor-posts-container elementor-posts elementor-posts--skin-cards elementor-grid\" role=\"list\">\n\t\t\t\t<article class=\"elementor-post elementor-grid-item post-729 proyectos type-proyectos status-publish has-post-thumbnail hentry cliente-precom-com-y-puesta-en-marcha estado-finalizado solucion-precom-com-y-puesta-en-marcha\" role=\"listitem\">\n\t\t\t<div class=\"elementor-post__card\">\n\t\t\t\t<a class=\"elementor-post__thumbnail__link\" href=\"https:\/\/ava.cl\/en\/proyectos\/servicio-de-precom-y-puesta-en-marcha-lce-minera-escondida\/\" tabindex=\"-1\" ><div class=\"elementor-post__thumbnail\"><img decoding=\"async\" width=\"300\" height=\"224\" src=\"https:\/\/ava.cl\/wp-content\/uploads\/2024\/10\/51-300x224.jpg\" class=\"attachment-medium size-medium wp-image-730\" alt=\"\" srcset=\"https:\/\/ava.cl\/wp-content\/uploads\/2024\/10\/51-300x224.jpg 300w, https:\/\/ava.cl\/wp-content\/uploads\/2024\/10\/51-768x574.jpg 768w, https:\/\/ava.cl\/wp-content\/uploads\/2024\/10\/51.jpg 818w\" sizes=\"(max-width: 300px) 100vw, 300px\" \/><\/div><\/a>\n\t\t\t\t<div class=\"elementor-post__badge\">PRECOM, COM AND COMMISSIONING<\/div>\n\t\t\t\t<div class=\"elementor-post__text\">\n\t\t\t\t<h3 class=\"elementor-post__title\">\n\t\t\t<a href=\"https:\/\/ava.cl\/en\/proyectos\/servicio-de-precom-y-puesta-en-marcha-lce-minera-escondida\/\" >\n\t\t\t\tService precom, and commissioning lce, minera escondida\t\t\t<\/a>\n\t\t<\/h3>\n\t\t\t\t<div class=\"elementor-post__excerpt\">\n\t\t\t<p>The work associated with this scope include the recruitment of qualified personnel for the performance of technical services<\/p>\n\t\t<\/div>\n\t\t\n\t\t<a class=\"elementor-post__read-more\" href=\"https:\/\/ava.cl\/en\/proyectos\/servicio-de-precom-y-puesta-en-marcha-lce-minera-escondida\/\" aria-label=\"Read more about Servicio de precom, y puesta en marcha lce, minera escondida\" tabindex=\"-1\" >\n\t\t\tRead more &#034;\t\t<\/a>\n\n\t\t\t\t<\/div>\n\t\t\t\t\t<\/div>\n\t\t<\/article>\n\t\t\t\t<\/div>\n\t\t\n\t\t\t\t\t\t<\/div>\n\t\t\t\t<\/div>\n\t\t\t\t\t<\/div>\n\t\t\t\t<\/div>\n\t\t\t\t<\/div>","protected":false},"excerpt":{"rendered":"<p>Soluci\u00f3n Abarcamos desde la inspecci\u00f3n y verificaci\u00f3n de equipos (precomisionamiento), la integraci\u00f3n y prueba de sistemas para garantizar que<\/p>","protected":false},"author":1,"featured_media":0,"parent":0,"menu_order":0,"comment_status":"closed","ping_status":"closed","template":"elementor_header_footer","meta":{"footnotes":""},"class_list":["post-522","page","type-page","status-publish","hentry"],"yoast_head":"<!-- This site is optimized with the Yoast SEO plugin v25.7 - https:\/\/yoast.com\/wordpress\/plugins\/seo\/ -->\n<title>PRECOM, COM Y PUESTA EN MARCHA - AVA Montajes<\/title>\n<meta name=\"robots\" content=\"index, follow, max-snippet:-1, max-image-preview:large, max-video-preview:-1\" \/>\n<link rel=\"canonical\" href=\"https:\/\/ava.cl\/en\/precom-com-y-puesta-en-marcha\/\" \/>\n<meta property=\"og:locale\" content=\"en_US\" \/>\n<meta property=\"og:type\" content=\"article\" \/>\n<meta property=\"og:title\" content=\"PRECOM, COM Y PUESTA EN MARCHA - AVA Montajes\" \/>\n<meta property=\"og:description\" content=\"Soluci\u00f3n Abarcamos desde la inspecci\u00f3n y verificaci\u00f3n de equipos (precomisionamiento), la integraci\u00f3n y prueba de sistemas para garantizar que\" \/>\n<meta property=\"og:url\" content=\"https:\/\/ava.cl\/en\/precom-com-y-puesta-en-marcha\/\" \/>\n<meta property=\"og:site_name\" content=\"AVA Montajes\" \/>\n<meta property=\"article:modified_time\" content=\"2024-10-17T15:24:53+00:00\" \/>\n<meta property=\"og:image\" content=\"https:\/\/ava.cl\/wp-content\/uploads\/2024\/10\/ava-triangulo-4.svg\" \/>\n<meta name=\"twitter:card\" content=\"summary_large_image\" \/>\n<script type=\"application\/ld+json\" class=\"yoast-schema-graph\">{\"@context\":\"https:\/\/schema.org\",\"@graph\":[{\"@type\":\"WebPage\",\"@id\":\"https:\/\/ava.cl\/precom-com-y-puesta-en-marcha\/\",\"url\":\"https:\/\/ava.cl\/precom-com-y-puesta-en-marcha\/\",\"name\":\"PRECOM, COM Y PUESTA EN MARCHA - AVA Montajes\",\"isPartOf\":{\"@id\":\"https:\/\/ava.cl\/#website\"},\"primaryImageOfPage\":{\"@id\":\"https:\/\/ava.cl\/precom-com-y-puesta-en-marcha\/#primaryimage\"},\"image\":{\"@id\":\"https:\/\/ava.cl\/precom-com-y-puesta-en-marcha\/#primaryimage\"},\"thumbnailUrl\":\"https:\/\/ava.cl\/wp-content\/uploads\/2024\/10\/ava-triangulo-4.svg\",\"datePublished\":\"2024-10-15T14:44:54+00:00\",\"dateModified\":\"2024-10-17T15:24:53+00:00\",\"breadcrumb\":{\"@id\":\"https:\/\/ava.cl\/precom-com-y-puesta-en-marcha\/#breadcrumb\"},\"inLanguage\":\"en-US\",\"potentialAction\":[{\"@type\":\"ReadAction\",\"target\":[\"https:\/\/ava.cl\/precom-com-y-puesta-en-marcha\/\"]}]},{\"@type\":\"ImageObject\",\"inLanguage\":\"en-US\",\"@id\":\"https:\/\/ava.cl\/precom-com-y-puesta-en-marcha\/#primaryimage\",\"url\":\"https:\/\/ava.cl\/wp-content\/uploads\/2024\/10\/ava-triangulo-4.svg\",\"contentUrl\":\"https:\/\/ava.cl\/wp-content\/uploads\/2024\/10\/ava-triangulo-4.svg\"},{\"@type\":\"BreadcrumbList\",\"@id\":\"https:\/\/ava.cl\/precom-com-y-puesta-en-marcha\/#breadcrumb\",\"itemListElement\":[{\"@type\":\"ListItem\",\"position\":1,\"name\":\"Portada\",\"item\":\"https:\/\/ava.cl\/\"},{\"@type\":\"ListItem\",\"position\":2,\"name\":\"PRECOM, COM Y PUESTA EN MARCHA\"}]},{\"@type\":\"WebSite\",\"@id\":\"https:\/\/ava.cl\/#website\",\"url\":\"https:\/\/ava.cl\/\",\"name\":\"AVA Montajes\",\"description\":\"\",\"publisher\":{\"@id\":\"https:\/\/ava.cl\/#organization\"},\"potentialAction\":[{\"@type\":\"SearchAction\",\"target\":{\"@type\":\"EntryPoint\",\"urlTemplate\":\"https:\/\/ava.cl\/?s={search_term_string}\"},\"query-input\":{\"@type\":\"PropertyValueSpecification\",\"valueRequired\":true,\"valueName\":\"search_term_string\"}}],\"inLanguage\":\"en-US\"},{\"@type\":\"Organization\",\"@id\":\"https:\/\/ava.cl\/#organization\",\"name\":\"AVA Montajes\",\"url\":\"https:\/\/ava.cl\/\",\"logo\":{\"@type\":\"ImageObject\",\"inLanguage\":\"en-US\",\"@id\":\"https:\/\/ava.cl\/#\/schema\/logo\/image\/\",\"url\":\"https:\/\/ava.cl\/wp-content\/uploads\/2024\/10\/logo-ava-cl.svg\",\"contentUrl\":\"https:\/\/ava.cl\/wp-content\/uploads\/2024\/10\/logo-ava-cl.svg\",\"width\":607,\"height\":232,\"caption\":\"AVA Montajes\"},\"image\":{\"@id\":\"https:\/\/ava.cl\/#\/schema\/logo\/image\/\"}}]}<\/script>\n<!-- \/ Yoast SEO plugin. -->","yoast_head_json":{"title":"PRECOM, COM Y PUESTA EN MARCHA - AVA Montajes","robots":{"index":"index","follow":"follow","max-snippet":"max-snippet:-1","max-image-preview":"max-image-preview:large","max-video-preview":"max-video-preview:-1"},"canonical":"https:\/\/ava.cl\/en\/precom-com-y-puesta-en-marcha\/","og_locale":"en_US","og_type":"article","og_title":"PRECOM, COM Y PUESTA EN MARCHA - AVA Montajes","og_description":"Soluci\u00f3n Abarcamos desde la inspecci\u00f3n y verificaci\u00f3n de equipos (precomisionamiento), la integraci\u00f3n y prueba de sistemas para garantizar que","og_url":"https:\/\/ava.cl\/en\/precom-com-y-puesta-en-marcha\/","og_site_name":"AVA Montajes","article_modified_time":"2024-10-17T15:24:53+00:00","og_image":[{"url":"https:\/\/ava.cl\/wp-content\/uploads\/2024\/10\/ava-triangulo-4.svg","type":"","width":"","height":""}],"twitter_card":"summary_large_image","schema":{"@context":"https:\/\/schema.org","@graph":[{"@type":"WebPage","@id":"https:\/\/ava.cl\/precom-com-y-puesta-en-marcha\/","url":"https:\/\/ava.cl\/precom-com-y-puesta-en-marcha\/","name":"PRECOM, COM Y PUESTA EN MARCHA - AVA Montajes","isPartOf":{"@id":"https:\/\/ava.cl\/#website"},"primaryImageOfPage":{"@id":"https:\/\/ava.cl\/precom-com-y-puesta-en-marcha\/#primaryimage"},"image":{"@id":"https:\/\/ava.cl\/precom-com-y-puesta-en-marcha\/#primaryimage"},"thumbnailUrl":"https:\/\/ava.cl\/wp-content\/uploads\/2024\/10\/ava-triangulo-4.svg","datePublished":"2024-10-15T14:44:54+00:00","dateModified":"2024-10-17T15:24:53+00:00","breadcrumb":{"@id":"https:\/\/ava.cl\/precom-com-y-puesta-en-marcha\/#breadcrumb"},"inLanguage":"en-US","potentialAction":[{"@type":"ReadAction","target":["https:\/\/ava.cl\/precom-com-y-puesta-en-marcha\/"]}]},{"@type":"ImageObject","inLanguage":"en-US","@id":"https:\/\/ava.cl\/precom-com-y-puesta-en-marcha\/#primaryimage","url":"https:\/\/ava.cl\/wp-content\/uploads\/2024\/10\/ava-triangulo-4.svg","contentUrl":"https:\/\/ava.cl\/wp-content\/uploads\/2024\/10\/ava-triangulo-4.svg"},{"@type":"BreadcrumbList","@id":"https:\/\/ava.cl\/precom-com-y-puesta-en-marcha\/#breadcrumb","itemListElement":[{"@type":"ListItem","position":1,"name":"Portada","item":"https:\/\/ava.cl\/"},{"@type":"ListItem","position":2,"name":"PRECOM, COM Y PUESTA EN MARCHA"}]},{"@type":"WebSite","@id":"https:\/\/ava.cl\/#website","url":"https:\/\/ava.cl\/","name":"AVA Montajes","description":"","publisher":{"@id":"https:\/\/ava.cl\/#organization"},"potentialAction":[{"@type":"SearchAction","target":{"@type":"EntryPoint","urlTemplate":"https:\/\/ava.cl\/?s={search_term_string}"},"query-input":{"@type":"PropertyValueSpecification","valueRequired":true,"valueName":"search_term_string"}}],"inLanguage":"en-US"},{"@type":"Organization","@id":"https:\/\/ava.cl\/#organization","name":"AVA Montajes","url":"https:\/\/ava.cl\/","logo":{"@type":"ImageObject","inLanguage":"en-US","@id":"https:\/\/ava.cl\/#\/schema\/logo\/image\/","url":"https:\/\/ava.cl\/wp-content\/uploads\/2024\/10\/logo-ava-cl.svg","contentUrl":"https:\/\/ava.cl\/wp-content\/uploads\/2024\/10\/logo-ava-cl.svg","width":607,"height":232,"caption":"AVA Montajes"},"image":{"@id":"https:\/\/ava.cl\/#\/schema\/logo\/image\/"}}]}},"_links":{"self":[{"href":"https:\/\/ava.cl\/en\/wp-json\/wp\/v2\/pages\/522","targetHints":{"allow":["GET"]}}],"collection":[{"href":"https:\/\/ava.cl\/en\/wp-json\/wp\/v2\/pages"}],"about":[{"href":"https:\/\/ava.cl\/en\/wp-json\/wp\/v2\/types\/page"}],"author":[{"embeddable":true,"href":"https:\/\/ava.cl\/en\/wp-json\/wp\/v2\/users\/1"}],"replies":[{"embeddable":true,"href":"https:\/\/ava.cl\/en\/wp-json\/wp\/v2\/comments?post=522"}],"version-history":[{"count":0,"href":"https:\/\/ava.cl\/en\/wp-json\/wp\/v2\/pages\/522\/revisions"}],"wp:attachment":[{"href":"https:\/\/ava.cl\/en\/wp-json\/wp\/v2\/media?parent=522"}],"curies":[{"name":"wp","href":"https:\/\/api.w.org\/{rel}","templated":true}]}}