{"id":1027,"date":"2024-11-11T19:55:02","date_gmt":"2024-11-11T19:55:02","guid":{"rendered":"https:\/\/ava.cl\/?page_id=1027"},"modified":"2024-11-12T12:36:51","modified_gmt":"2024-11-12T12:36:51","slug":"areas-de-negocio","status":"publish","type":"page","link":"https:\/\/ava.cl\/en\/areas-de-negocio\/","title":{"rendered":"Business areas"},"content":{"rendered":"<div data-elementor-type=\"wp-page\" data-elementor-id=\"1027\" class=\"elementor elementor-1027\" data-elementor-post-type=\"page\">\n\t\t\t\t<div class=\"elementor-element elementor-element-8d5da7b e-flex e-con-boxed e-con e-parent\" data-id=\"8d5da7b\" data-element_type=\"container\" data-settings=\"{&quot;background_background&quot;:&quot;classic&quot;,&quot;shape_divider_bottom&quot;:&quot;opacity-tilt&quot;}\">\n\t\t\t\t\t<div class=\"e-con-inner\">\n\t\t\t\t<div class=\"elementor-shape elementor-shape-bottom\" aria-hidden=\"true\" data-negative=\"false\">\n\t\t\t<svg xmlns=\"http:\/\/www.w3.org\/2000\/svg\" viewbox=\"0 0 2600 131.1\" preserveaspectratio=\"none\">\n\t<path class=\"elementor-shape-fill\" d=\"M0 0L2600 0 2600 69.1 0 0z\"\/>\n\t<path class=\"elementor-shape-fill\" style=\"opacity:0.5\" d=\"M0 0L2600 0 2600 69.1 0 69.1z\"\/>\n\t<path class=\"elementor-shape-fill\" style=\"opacity:0.25\" d=\"M2600 0L0 0 0 130.1 2600 69.1z\"\/>\n<\/svg>\t\t<\/div>\n\t\t<div class=\"elementor-element elementor-element-0aa909a e-con-full e-flex e-con e-child\" data-id=\"0aa909a\" data-element_type=\"container\">\n\t\t<div class=\"elementor-element elementor-element-8f53f61 e-con-full e-flex e-con e-child\" data-id=\"8f53f61\" data-element_type=\"container\">\n\t\t\t\t<div class=\"elementor-element elementor-element-3fa32eb elementor-widget elementor-widget-heading\" data-id=\"3fa32eb\" data-element_type=\"widget\" data-widget_type=\"heading.default\">\n\t\t\t\t<div class=\"elementor-widget-container\">\n\t\t\t\t\t<h1 class=\"elementor-heading-title elementor-size-default\">Business areas<\/h1>\t\t\t\t<\/div>\n\t\t\t\t<\/div>\n\t\t\t\t<div class=\"elementor-element elementor-element-b5f3104 elementor-widget__width-initial elementor-widget elementor-widget-heading\" data-id=\"b5f3104\" data-element_type=\"widget\" data-widget_type=\"heading.default\">\n\t\t\t\t<div class=\"elementor-widget-container\">\n\t\t\t\t\t<p class=\"elementor-heading-title elementor-size-default\">We provide comprehensive services of Engineering, Construction and Procurement Management in the projects we challenge ourselves with, demonstrating excellence at every stage of the process.<\/p>\t\t\t\t<\/div>\n\t\t\t\t<\/div>\n\t\t\t\t<\/div>\n\t\t\t\t<\/div>\n\t\t\t\t\t<\/div>\n\t\t\t\t<\/div>\n\t\t<div class=\"elementor-element elementor-element-e84daf2 e-flex e-con-boxed e-con e-parent\" data-id=\"e84daf2\" data-element_type=\"container\" data-settings=\"{&quot;background_background&quot;:&quot;classic&quot;}\">\n\t\t\t\t\t<div class=\"e-con-inner\">\n\t\t<div class=\"elementor-element elementor-element-ba2077f e-con-full e-flex e-con e-child\" data-id=\"ba2077f\" data-element_type=\"container\">\n\t\t<div class=\"elementor-element elementor-element-10feb08 e-con-full e-flex e-con e-child\" data-id=\"10feb08\" data-element_type=\"container\" id=\"construccion\" data-settings=\"{&quot;background_background&quot;:&quot;classic&quot;}\">\n\t\t\t\t<div class=\"elementor-element elementor-element-c520df5 elementor-widget elementor-widget-heading\" data-id=\"c520df5\" data-element_type=\"widget\" data-widget_type=\"heading.default\">\n\t\t\t\t<div class=\"elementor-widget-container\">\n\t\t\t\t\t<h2 class=\"elementor-heading-title elementor-size-default\">\nConstruction Services<\/h2>\t\t\t\t<\/div>\n\t\t\t\t<\/div>\n\t\t\t\t<div class=\"elementor-element elementor-element-6064466 elementor-widget elementor-widget-heading\" data-id=\"6064466\" data-element_type=\"widget\" data-widget_type=\"heading.default\">\n\t\t\t\t<div class=\"elementor-widget-container\">\n\t\t\t\t\t<p class=\"elementor-heading-title elementor-size-default\">Aware that our main asset is our people, we have a highly qualified and empowered team to lead the execution of challenging projects. Our diverse specialties position us as strategic allies for the execution of significant projects, conducting progress verification throughout the process and having the successful completion of our contracts as the main objective. Our specialties are: Earthworks \/ Installation of Metal Structures \/ Civil Works \/ Engineering \/ Concrete Works \/ Site Installations \/ Electromechanical \/ Electrical Installations \/ Road Construction and Maintenance.<\/p>\t\t\t\t<\/div>\n\t\t\t\t<\/div>\n\t\t\t\t<\/div>\n\t\t<div class=\"elementor-element elementor-element-4522c2c e-con-full e-flex e-con e-child\" data-id=\"4522c2c\" data-element_type=\"container\" data-settings=\"{&quot;background_background&quot;:&quot;classic&quot;,&quot;background_motion_fx_motion_fx_scrolling&quot;:&quot;yes&quot;,&quot;background_motion_fx_scale_effect&quot;:&quot;yes&quot;,&quot;background_motion_fx_scale_speed&quot;:{&quot;unit&quot;:&quot;px&quot;,&quot;size&quot;:1,&quot;sizes&quot;:[]},&quot;background_motion_fx_scale_range&quot;:{&quot;unit&quot;:&quot;%&quot;,&quot;size&quot;:&quot;&quot;,&quot;sizes&quot;:{&quot;start&quot;:0,&quot;end&quot;:49}},&quot;background_motion_fx_scale_direction&quot;:&quot;out-in&quot;,&quot;background_motion_fx_devices&quot;:[&quot;desktop&quot;,&quot;tablet&quot;,&quot;mobile&quot;]}\">\n\t\t\t\t<div class=\"elementor-element elementor-element-3039022 elementor-absolute elementor-widget elementor-widget-image\" data-id=\"3039022\" data-element_type=\"widget\" data-settings=\"{&quot;_position&quot;:&quot;absolute&quot;}\" data-widget_type=\"image.default\">\n\t\t\t\t<div class=\"elementor-widget-container\">\n\t\t\t\t\t\t\t\t\t\t\t\t\t\t\t<img decoding=\"async\" width=\"61\" height=\"374\" src=\"https:\/\/ava.cl\/wp-content\/uploads\/2024\/10\/rectangle.svg\" class=\"attachment-large size-large wp-image-166\" alt=\"\" \/>\t\t\t\t\t\t\t\t\t\t\t\t\t\t\t<\/div>\n\t\t\t\t<\/div>\n\t\t\t\t<\/div>\n\t\t\t\t<\/div>\n\t\t<div class=\"elementor-element elementor-element-42d9256 e-con-full e-flex e-con e-child\" data-id=\"42d9256\" data-element_type=\"container\" id=\"hormigon\">\n\t\t<div class=\"elementor-element elementor-element-d829773 e-con-full e-flex e-con e-child\" data-id=\"d829773\" data-element_type=\"container\" data-settings=\"{&quot;background_background&quot;:&quot;classic&quot;}\">\n\t\t\t\t<div class=\"elementor-element elementor-element-ab7a536 elementor-widget elementor-widget-heading\" data-id=\"ab7a536\" data-element_type=\"widget\" data-widget_type=\"heading.default\">\n\t\t\t\t<div class=\"elementor-widget-container\">\n\t\t\t\t\t<h2 class=\"elementor-heading-title elementor-size-default\">Prefabricated Concrete<\/h2>\t\t\t\t<\/div>\n\t\t\t\t<\/div>\n\t\t\t\t<div class=\"elementor-element elementor-element-52ade6c elementor-widget elementor-widget-heading\" data-id=\"52ade6c\" data-element_type=\"widget\" data-widget_type=\"heading.default\">\n\t\t\t\t<div class=\"elementor-widget-container\">\n\t\t\t\t\t<p class=\"elementor-heading-title elementor-size-default\">Being at the forefront of our industry, at Ava Montajes we have embraced this innovative trend and incorporated Modularization into our projects. After applying precise engineering, the creation of the modules is just the beginning of assembling amazing structures. Pre-fabricated concrete modules are currently one of the safest products in our field, as they have come to optimize processes and contribute to environmental care.<\/p>\t\t\t\t<\/div>\n\t\t\t\t<\/div>\n\t\t\t\t<\/div>\n\t\t<div class=\"elementor-element elementor-element-09e4736 e-con-full e-flex e-con e-child\" data-id=\"09e4736\" data-element_type=\"container\" data-settings=\"{&quot;background_background&quot;:&quot;classic&quot;,&quot;background_motion_fx_motion_fx_scrolling&quot;:&quot;yes&quot;,&quot;background_motion_fx_scale_effect&quot;:&quot;yes&quot;,&quot;background_motion_fx_scale_speed&quot;:{&quot;unit&quot;:&quot;px&quot;,&quot;size&quot;:1,&quot;sizes&quot;:[]},&quot;background_motion_fx_scale_range&quot;:{&quot;unit&quot;:&quot;%&quot;,&quot;size&quot;:&quot;&quot;,&quot;sizes&quot;:{&quot;start&quot;:0,&quot;end&quot;:49}},&quot;background_motion_fx_scale_direction&quot;:&quot;out-in&quot;,&quot;background_motion_fx_devices&quot;:[&quot;desktop&quot;,&quot;tablet&quot;,&quot;mobile&quot;]}\">\n\t\t\t\t<div class=\"elementor-element elementor-element-50a0361 elementor-absolute elementor-widget elementor-widget-image\" data-id=\"50a0361\" data-element_type=\"widget\" data-settings=\"{&quot;_position&quot;:&quot;absolute&quot;}\" data-widget_type=\"image.default\">\n\t\t\t\t<div class=\"elementor-widget-container\">\n\t\t\t\t\t\t\t\t\t\t\t\t\t\t\t<img decoding=\"async\" width=\"61\" height=\"374\" src=\"https:\/\/ava.cl\/wp-content\/uploads\/2024\/10\/rectangle.svg\" class=\"attachment-large size-large wp-image-166\" alt=\"\" \/>\t\t\t\t\t\t\t\t\t\t\t\t\t\t\t<\/div>\n\t\t\t\t<\/div>\n\t\t\t\t<\/div>\n\t\t\t\t<\/div>\n\t\t<div class=\"elementor-element elementor-element-12f8332 e-con-full e-flex e-con e-child\" data-id=\"12f8332\" data-element_type=\"container\" id=\"minera\">\n\t\t<div class=\"elementor-element elementor-element-267adaa e-con-full e-flex e-con e-child\" data-id=\"267adaa\" data-element_type=\"container\" data-settings=\"{&quot;background_background&quot;:&quot;classic&quot;}\">\n\t\t\t\t<div class=\"elementor-element elementor-element-dccb77d elementor-widget elementor-widget-heading\" data-id=\"dccb77d\" data-element_type=\"widget\" data-widget_type=\"heading.default\">\n\t\t\t\t<div class=\"elementor-widget-container\">\n\t\t\t\t\t<h2 class=\"elementor-heading-title elementor-size-default\">Execution of Underground Mining Projects<\/h2>\t\t\t\t<\/div>\n\t\t\t\t<\/div>\n\t\t\t\t<div class=\"elementor-element elementor-element-04c41df elementor-widget elementor-widget-heading\" data-id=\"04c41df\" data-element_type=\"widget\" data-widget_type=\"heading.default\">\n\t\t\t\t<div class=\"elementor-widget-container\">\n\t\t\t\t\t<p class=\"elementor-heading-title elementor-size-default\">Because we understand the demands involved in executing underground mining projects, once again we deploy our best talents in the execution of complex projects, adapting to different contexts and environmental complexities.<\/p>\t\t\t\t<\/div>\n\t\t\t\t<\/div>\n\t\t\t\t<\/div>\n\t\t<div class=\"elementor-element elementor-element-b6d2c6d e-con-full e-flex e-con e-child\" data-id=\"b6d2c6d\" data-element_type=\"container\" data-settings=\"{&quot;background_background&quot;:&quot;classic&quot;,&quot;background_motion_fx_motion_fx_scrolling&quot;:&quot;yes&quot;,&quot;background_motion_fx_scale_effect&quot;:&quot;yes&quot;,&quot;background_motion_fx_scale_speed&quot;:{&quot;unit&quot;:&quot;px&quot;,&quot;size&quot;:1,&quot;sizes&quot;:[]},&quot;background_motion_fx_scale_range&quot;:{&quot;unit&quot;:&quot;%&quot;,&quot;size&quot;:&quot;&quot;,&quot;sizes&quot;:{&quot;start&quot;:0,&quot;end&quot;:49}},&quot;background_motion_fx_scale_direction&quot;:&quot;out-in&quot;,&quot;background_motion_fx_devices&quot;:[&quot;desktop&quot;,&quot;tablet&quot;,&quot;mobile&quot;]}\">\n\t\t\t\t<div class=\"elementor-element elementor-element-a674562 elementor-absolute elementor-widget elementor-widget-image\" data-id=\"a674562\" data-element_type=\"widget\" data-settings=\"{&quot;_position&quot;:&quot;absolute&quot;}\" data-widget_type=\"image.default\">\n\t\t\t\t<div class=\"elementor-widget-container\">\n\t\t\t\t\t\t\t\t\t\t\t\t\t\t\t<img decoding=\"async\" width=\"61\" height=\"374\" src=\"https:\/\/ava.cl\/wp-content\/uploads\/2024\/10\/rectangle.svg\" class=\"attachment-large size-large wp-image-166\" alt=\"\" \/>\t\t\t\t\t\t\t\t\t\t\t\t\t\t\t<\/div>\n\t\t\t\t<\/div>\n\t\t\t\t<\/div>\n\t\t\t\t<\/div>\n\t\t<div class=\"elementor-element elementor-element-9221d7c e-con-full e-flex e-con e-child\" data-id=\"9221d7c\" data-element_type=\"container\" id=\"continuidad\">\n\t\t<div class=\"elementor-element elementor-element-5bbc6ef e-con-full e-flex e-con e-child\" data-id=\"5bbc6ef\" data-element_type=\"container\" data-settings=\"{&quot;background_background&quot;:&quot;classic&quot;}\">\n\t\t\t\t<div class=\"elementor-element elementor-element-3eb14de elementor-widget elementor-widget-heading\" data-id=\"3eb14de\" data-element_type=\"widget\" data-widget_type=\"heading.default\">\n\t\t\t\t<div class=\"elementor-widget-container\">\n\t\t\t\t\t<h2 class=\"elementor-heading-title elementor-size-default\">We Guarantee Operational Continuity<\/h2>\t\t\t\t<\/div>\n\t\t\t\t<\/div>\n\t\t\t\t<div class=\"elementor-element elementor-element-4214504 elementor-widget elementor-widget-heading\" data-id=\"4214504\" data-element_type=\"widget\" data-widget_type=\"heading.default\">\n\t\t\t\t<div class=\"elementor-widget-container\">\n\t\t\t\t\t<p class=\"elementor-heading-title elementor-size-default\">We stand out for guaranteeing operational continuity in challenges that require meeting our clients' requirements. This is why we excel in executing projects with a high technical level, as they are developed with the plant in operation, aiming not to interrupt operational production. This reinforces our main purpose: to execute our projects with safety, quality, and compliance with our clients' standards.<\/p>\t\t\t\t<\/div>\n\t\t\t\t<\/div>\n\t\t\t\t<\/div>\n\t\t<div class=\"elementor-element elementor-element-2d53c0a e-con-full e-flex e-con e-child\" data-id=\"2d53c0a\" data-element_type=\"container\" data-settings=\"{&quot;background_background&quot;:&quot;classic&quot;,&quot;background_motion_fx_motion_fx_scrolling&quot;:&quot;yes&quot;,&quot;background_motion_fx_scale_effect&quot;:&quot;yes&quot;,&quot;background_motion_fx_scale_speed&quot;:{&quot;unit&quot;:&quot;px&quot;,&quot;size&quot;:1,&quot;sizes&quot;:[]},&quot;background_motion_fx_scale_range&quot;:{&quot;unit&quot;:&quot;%&quot;,&quot;size&quot;:&quot;&quot;,&quot;sizes&quot;:{&quot;start&quot;:0,&quot;end&quot;:49}},&quot;background_motion_fx_scale_direction&quot;:&quot;out-in&quot;,&quot;background_motion_fx_devices&quot;:[&quot;desktop&quot;,&quot;tablet&quot;,&quot;mobile&quot;]}\">\n\t\t\t\t<div class=\"elementor-element elementor-element-20506c9 elementor-absolute elementor-widget elementor-widget-image\" data-id=\"20506c9\" data-element_type=\"widget\" data-settings=\"{&quot;_position&quot;:&quot;absolute&quot;}\" data-widget_type=\"image.default\">\n\t\t\t\t<div class=\"elementor-widget-container\">\n\t\t\t\t\t\t\t\t\t\t\t\t\t\t\t<img decoding=\"async\" width=\"61\" height=\"374\" src=\"https:\/\/ava.cl\/wp-content\/uploads\/2024\/10\/rectangle.svg\" class=\"attachment-large size-large wp-image-166\" alt=\"\" \/>\t\t\t\t\t\t\t\t\t\t\t\t\t\t\t<\/div>\n\t\t\t\t<\/div>\n\t\t\t\t<\/div>\n\t\t\t\t<\/div>\n\t\t<div class=\"elementor-element elementor-element-556330d e-con-full e-flex e-con e-child\" data-id=\"556330d\" data-element_type=\"container\" id=\"plantas\">\n\t\t<div class=\"elementor-element elementor-element-967642c e-con-full e-flex e-con e-child\" data-id=\"967642c\" data-element_type=\"container\" data-settings=\"{&quot;background_background&quot;:&quot;classic&quot;}\">\n\t\t\t\t<div class=\"elementor-element elementor-element-0df9dd9 elementor-widget elementor-widget-heading\" data-id=\"0df9dd9\" data-element_type=\"widget\" data-widget_type=\"heading.default\">\n\t\t\t\t<div class=\"elementor-widget-container\">\n\t\t\t\t\t<h2 class=\"elementor-heading-title elementor-size-default\">Scheduled Plant Shutdowns<\/h2>\t\t\t\t<\/div>\n\t\t\t\t<\/div>\n\t\t\t\t<div class=\"elementor-element elementor-element-8fe2c82 elementor-widget elementor-widget-heading\" data-id=\"8fe2c82\" data-element_type=\"widget\" data-widget_type=\"heading.default\">\n\t\t\t\t<div class=\"elementor-widget-container\">\n\t\t\t\t\t<p class=\"elementor-heading-title elementor-size-default\">Aware that our main asset is our people, we have a highly qualified and empowered team to lead the execution of challenging projects. Our diverse specialties position us as strategic allies for the execution of significant projects, conducting progress verification throughout the process and having the successful completion of our contracts as the main objective. Our specialties are: Earthworks \/ Installation of Metal Structures \/ Civil Works \/ Engineering \/ Concrete Works \/ Site Installations \/ Electromechanical \/ Electrical Installations \/ Road Construction and Maintenance.<\/p>\t\t\t\t<\/div>\n\t\t\t\t<\/div>\n\t\t\t\t<\/div>\n\t\t<div class=\"elementor-element elementor-element-68c73fd e-con-full e-flex e-con e-child\" data-id=\"68c73fd\" data-element_type=\"container\" data-settings=\"{&quot;background_background&quot;:&quot;classic&quot;,&quot;background_motion_fx_motion_fx_scrolling&quot;:&quot;yes&quot;,&quot;background_motion_fx_scale_effect&quot;:&quot;yes&quot;,&quot;background_motion_fx_scale_speed&quot;:{&quot;unit&quot;:&quot;px&quot;,&quot;size&quot;:1,&quot;sizes&quot;:[]},&quot;background_motion_fx_scale_range&quot;:{&quot;unit&quot;:&quot;%&quot;,&quot;size&quot;:&quot;&quot;,&quot;sizes&quot;:{&quot;start&quot;:0,&quot;end&quot;:49}},&quot;background_motion_fx_scale_direction&quot;:&quot;out-in&quot;,&quot;background_motion_fx_devices&quot;:[&quot;desktop&quot;,&quot;tablet&quot;,&quot;mobile&quot;]}\">\n\t\t\t\t<div class=\"elementor-element elementor-element-6f9a8f1 elementor-absolute elementor-widget elementor-widget-image\" data-id=\"6f9a8f1\" data-element_type=\"widget\" data-settings=\"{&quot;_position&quot;:&quot;absolute&quot;}\" data-widget_type=\"image.default\">\n\t\t\t\t<div class=\"elementor-widget-container\">\n\t\t\t\t\t\t\t\t\t\t\t\t\t\t\t<img decoding=\"async\" width=\"61\" height=\"374\" src=\"https:\/\/ava.cl\/wp-content\/uploads\/2024\/10\/rectangle.svg\" class=\"attachment-large size-large wp-image-166\" alt=\"\" \/>\t\t\t\t\t\t\t\t\t\t\t\t\t\t\t<\/div>\n\t\t\t\t<\/div>\n\t\t\t\t<\/div>\n\t\t\t\t<\/div>\n\t\t\t\t\t<\/div>\n\t\t\t\t<\/div>\n\t\t\t\t<\/div>","protected":false},"excerpt":{"rendered":"<p>Otorgamos servicios integrales de Ingenier\u00eda, Construcci\u00f3n y Gesti\u00f3n de Compras en en los proyectos con los que nos desafiamos, demostrando la excelencia en cada etapa del proceso. Servicios de Construcci\u00f3n Conscientes de que nuestro principal capital son nuestras personas, contamos con un equipo altamente calificado y empoderado para liderar la ejecuci\u00f3n de desafiantes proyectos. Nuestras [&hellip;]<\/p>","protected":false},"author":1,"featured_media":0,"parent":0,"menu_order":0,"comment_status":"closed","ping_status":"closed","template":"elementor_header_footer","meta":{"footnotes":""},"class_list":["post-1027","page","type-page","status-publish","hentry"],"yoast_head":"<!-- This site is optimized with the Yoast SEO plugin v25.7 - https:\/\/yoast.com\/wordpress\/plugins\/seo\/ -->\n<title>\u00c1reas de negocio - AVA Montajes<\/title>\n<meta name=\"robots\" content=\"index, follow, max-snippet:-1, max-image-preview:large, max-video-preview:-1\" \/>\n<link rel=\"canonical\" href=\"https:\/\/ava.cl\/en\/areas-de-negocio\/\" \/>\n<meta property=\"og:locale\" content=\"en_US\" \/>\n<meta property=\"og:type\" content=\"article\" \/>\n<meta property=\"og:title\" content=\"\u00c1reas de negocio - AVA Montajes\" \/>\n<meta property=\"og:description\" content=\"Otorgamos servicios integrales de Ingenier\u00eda, Construcci\u00f3n y Gesti\u00f3n de Compras en en los proyectos con los que nos desafiamos, demostrando la excelencia en cada etapa del proceso. Servicios de Construcci\u00f3n Conscientes de que nuestro principal capital son nuestras personas, contamos con un equipo altamente calificado y empoderado para liderar la ejecuci\u00f3n de desafiantes proyectos. Nuestras [&hellip;]\" \/>\n<meta property=\"og:url\" content=\"https:\/\/ava.cl\/en\/areas-de-negocio\/\" \/>\n<meta property=\"og:site_name\" content=\"AVA Montajes\" \/>\n<meta property=\"article:modified_time\" content=\"2024-11-12T12:36:51+00:00\" \/>\n<meta property=\"og:image\" content=\"https:\/\/ava.cl\/wp-content\/uploads\/2024\/10\/rectangle.svg\" \/>\n<meta name=\"twitter:card\" content=\"summary_large_image\" \/>\n<meta name=\"twitter:label1\" content=\"Est. reading time\" \/>\n\t<meta name=\"twitter:data1\" content=\"2 minutes\" \/>\n<script type=\"application\/ld+json\" class=\"yoast-schema-graph\">{\"@context\":\"https:\/\/schema.org\",\"@graph\":[{\"@type\":\"WebPage\",\"@id\":\"https:\/\/ava.cl\/areas-de-negocio\/\",\"url\":\"https:\/\/ava.cl\/areas-de-negocio\/\",\"name\":\"\u00c1reas de negocio - AVA Montajes\",\"isPartOf\":{\"@id\":\"https:\/\/ava.cl\/#website\"},\"primaryImageOfPage\":{\"@id\":\"https:\/\/ava.cl\/areas-de-negocio\/#primaryimage\"},\"image\":{\"@id\":\"https:\/\/ava.cl\/areas-de-negocio\/#primaryimage\"},\"thumbnailUrl\":\"https:\/\/ava.cl\/wp-content\/uploads\/2024\/10\/rectangle.svg\",\"datePublished\":\"2024-11-11T19:55:02+00:00\",\"dateModified\":\"2024-11-12T12:36:51+00:00\",\"breadcrumb\":{\"@id\":\"https:\/\/ava.cl\/areas-de-negocio\/#breadcrumb\"},\"inLanguage\":\"en-US\",\"potentialAction\":[{\"@type\":\"ReadAction\",\"target\":[\"https:\/\/ava.cl\/areas-de-negocio\/\"]}]},{\"@type\":\"ImageObject\",\"inLanguage\":\"en-US\",\"@id\":\"https:\/\/ava.cl\/areas-de-negocio\/#primaryimage\",\"url\":\"https:\/\/ava.cl\/wp-content\/uploads\/2024\/10\/rectangle.svg\",\"contentUrl\":\"https:\/\/ava.cl\/wp-content\/uploads\/2024\/10\/rectangle.svg\"},{\"@type\":\"BreadcrumbList\",\"@id\":\"https:\/\/ava.cl\/areas-de-negocio\/#breadcrumb\",\"itemListElement\":[{\"@type\":\"ListItem\",\"position\":1,\"name\":\"Portada\",\"item\":\"https:\/\/ava.cl\/\"},{\"@type\":\"ListItem\",\"position\":2,\"name\":\"\u00c1reas de negocio\"}]},{\"@type\":\"WebSite\",\"@id\":\"https:\/\/ava.cl\/#website\",\"url\":\"https:\/\/ava.cl\/\",\"name\":\"AVA Montajes\",\"description\":\"\",\"publisher\":{\"@id\":\"https:\/\/ava.cl\/#organization\"},\"potentialAction\":[{\"@type\":\"SearchAction\",\"target\":{\"@type\":\"EntryPoint\",\"urlTemplate\":\"https:\/\/ava.cl\/?s={search_term_string}\"},\"query-input\":{\"@type\":\"PropertyValueSpecification\",\"valueRequired\":true,\"valueName\":\"search_term_string\"}}],\"inLanguage\":\"en-US\"},{\"@type\":\"Organization\",\"@id\":\"https:\/\/ava.cl\/#organization\",\"name\":\"AVA Montajes\",\"url\":\"https:\/\/ava.cl\/\",\"logo\":{\"@type\":\"ImageObject\",\"inLanguage\":\"en-US\",\"@id\":\"https:\/\/ava.cl\/#\/schema\/logo\/image\/\",\"url\":\"https:\/\/ava.cl\/wp-content\/uploads\/2024\/10\/logo-ava-cl.svg\",\"contentUrl\":\"https:\/\/ava.cl\/wp-content\/uploads\/2024\/10\/logo-ava-cl.svg\",\"width\":607,\"height\":232,\"caption\":\"AVA Montajes\"},\"image\":{\"@id\":\"https:\/\/ava.cl\/#\/schema\/logo\/image\/\"}}]}<\/script>\n<!-- \/ Yoast SEO plugin. -->","yoast_head_json":{"title":"\u00c1reas de negocio - AVA Montajes","robots":{"index":"index","follow":"follow","max-snippet":"max-snippet:-1","max-image-preview":"max-image-preview:large","max-video-preview":"max-video-preview:-1"},"canonical":"https:\/\/ava.cl\/en\/areas-de-negocio\/","og_locale":"en_US","og_type":"article","og_title":"\u00c1reas de negocio - AVA Montajes","og_description":"Otorgamos servicios integrales de Ingenier\u00eda, Construcci\u00f3n y Gesti\u00f3n de Compras en en los proyectos con los que nos desafiamos, demostrando la excelencia en cada etapa del proceso. Servicios de Construcci\u00f3n Conscientes de que nuestro principal capital son nuestras personas, contamos con un equipo altamente calificado y empoderado para liderar la ejecuci\u00f3n de desafiantes proyectos. Nuestras [&hellip;]","og_url":"https:\/\/ava.cl\/en\/areas-de-negocio\/","og_site_name":"AVA Montajes","article_modified_time":"2024-11-12T12:36:51+00:00","og_image":[{"url":"https:\/\/ava.cl\/wp-content\/uploads\/2024\/10\/rectangle.svg","type":"","width":"","height":""}],"twitter_card":"summary_large_image","twitter_misc":{"Est. reading time":"2 minutes"},"schema":{"@context":"https:\/\/schema.org","@graph":[{"@type":"WebPage","@id":"https:\/\/ava.cl\/areas-de-negocio\/","url":"https:\/\/ava.cl\/areas-de-negocio\/","name":"\u00c1reas de negocio - AVA Montajes","isPartOf":{"@id":"https:\/\/ava.cl\/#website"},"primaryImageOfPage":{"@id":"https:\/\/ava.cl\/areas-de-negocio\/#primaryimage"},"image":{"@id":"https:\/\/ava.cl\/areas-de-negocio\/#primaryimage"},"thumbnailUrl":"https:\/\/ava.cl\/wp-content\/uploads\/2024\/10\/rectangle.svg","datePublished":"2024-11-11T19:55:02+00:00","dateModified":"2024-11-12T12:36:51+00:00","breadcrumb":{"@id":"https:\/\/ava.cl\/areas-de-negocio\/#breadcrumb"},"inLanguage":"en-US","potentialAction":[{"@type":"ReadAction","target":["https:\/\/ava.cl\/areas-de-negocio\/"]}]},{"@type":"ImageObject","inLanguage":"en-US","@id":"https:\/\/ava.cl\/areas-de-negocio\/#primaryimage","url":"https:\/\/ava.cl\/wp-content\/uploads\/2024\/10\/rectangle.svg","contentUrl":"https:\/\/ava.cl\/wp-content\/uploads\/2024\/10\/rectangle.svg"},{"@type":"BreadcrumbList","@id":"https:\/\/ava.cl\/areas-de-negocio\/#breadcrumb","itemListElement":[{"@type":"ListItem","position":1,"name":"Portada","item":"https:\/\/ava.cl\/"},{"@type":"ListItem","position":2,"name":"\u00c1reas de negocio"}]},{"@type":"WebSite","@id":"https:\/\/ava.cl\/#website","url":"https:\/\/ava.cl\/","name":"AVA Montajes","description":"","publisher":{"@id":"https:\/\/ava.cl\/#organization"},"potentialAction":[{"@type":"SearchAction","target":{"@type":"EntryPoint","urlTemplate":"https:\/\/ava.cl\/?s={search_term_string}"},"query-input":{"@type":"PropertyValueSpecification","valueRequired":true,"valueName":"search_term_string"}}],"inLanguage":"en-US"},{"@type":"Organization","@id":"https:\/\/ava.cl\/#organization","name":"AVA Montajes","url":"https:\/\/ava.cl\/","logo":{"@type":"ImageObject","inLanguage":"en-US","@id":"https:\/\/ava.cl\/#\/schema\/logo\/image\/","url":"https:\/\/ava.cl\/wp-content\/uploads\/2024\/10\/logo-ava-cl.svg","contentUrl":"https:\/\/ava.cl\/wp-content\/uploads\/2024\/10\/logo-ava-cl.svg","width":607,"height":232,"caption":"AVA Montajes"},"image":{"@id":"https:\/\/ava.cl\/#\/schema\/logo\/image\/"}}]}},"_links":{"self":[{"href":"https:\/\/ava.cl\/en\/wp-json\/wp\/v2\/pages\/1027","targetHints":{"allow":["GET"]}}],"collection":[{"href":"https:\/\/ava.cl\/en\/wp-json\/wp\/v2\/pages"}],"about":[{"href":"https:\/\/ava.cl\/en\/wp-json\/wp\/v2\/types\/page"}],"author":[{"embeddable":true,"href":"https:\/\/ava.cl\/en\/wp-json\/wp\/v2\/users\/1"}],"replies":[{"embeddable":true,"href":"https:\/\/ava.cl\/en\/wp-json\/wp\/v2\/comments?post=1027"}],"version-history":[{"count":0,"href":"https:\/\/ava.cl\/en\/wp-json\/wp\/v2\/pages\/1027\/revisions"}],"wp:attachment":[{"href":"https:\/\/ava.cl\/en\/wp-json\/wp\/v2\/media?parent=1027"}],"curies":[{"name":"wp","href":"https:\/\/api.w.org\/{rel}","templated":true}]}}